{"id":483,"date":"2018-06-29T07:36:12","date_gmt":"2018-06-29T07:36:12","guid":{"rendered":"http:\/\/demo.athemes.com\/atu-health-coach\/?page_id=4"},"modified":"2023-02-08T16:23:19","modified_gmt":"2023-02-08T19:23:19","slug":"blog","status":"publish","type":"page","link":"https:\/\/www.nataliaegito.com.br\/index.php\/blog\/","title":{"rendered":"Postagens"},"content":{"rendered":"\t\t<div data-elementor-type=\"wp-page\" data-elementor-id=\"483\" class=\"elementor elementor-483\" data-elementor-settings=\"[]\">\n\t\t\t\t\t\t\t<div class=\"elementor-section-wrap\">\n\t\t\t\t\t\t\t<section class=\"elementor-section elementor-top-section elementor-element elementor-element-15b4cc2 elementor-section-boxed elementor-section-height-default elementor-section-height-default\" data-id=\"15b4cc2\" data-element_type=\"section\">\n\t\t\t\t\t\t<div class=\"elementor-container elementor-column-gap-default\">\n\t\t\t\t\t<div class=\"elementor-column elementor-col-100 elementor-top-column elementor-element elementor-element-bbc29a5\" data-id=\"bbc29a5\" data-element_type=\"column\">\n\t\t\t<div class=\"elementor-widget-wrap elementor-element-populated\">\n\t\t\t\t\t\t\t\t<div class=\"elementor-element elementor-element-57b785f elementor-widget elementor-widget-text-editor\" data-id=\"57b785f\" data-element_type=\"widget\" data-widget_type=\"text-editor.default\">\n\t\t\t\t<div class=\"elementor-widget-container\">\n\t\t\t<style>\/*! elementor - v3.5.6 - 28-02-2022 *\/\n.elementor-widget-text-editor.elementor-drop-cap-view-stacked .elementor-drop-cap{background-color:#818a91;color:#fff}.elementor-widget-text-editor.elementor-drop-cap-view-framed .elementor-drop-cap{color:#818a91;border:3px solid;background-color:transparent}.elementor-widget-text-editor:not(.elementor-drop-cap-view-default) .elementor-drop-cap{margin-top:8px}.elementor-widget-text-editor:not(.elementor-drop-cap-view-default) .elementor-drop-cap-letter{width:1em;height:1em}.elementor-widget-text-editor .elementor-drop-cap{float:left;text-align:center;line-height:1;font-size:50px}.elementor-widget-text-editor .elementor-drop-cap-letter{display:inline-block}<\/style>\t\t\t\t<h1>Suporte ao luto<\/h1>\n<p><\/p>\n<div style=\"width: 1170px;\" class=\"wp-video\"><video class=\"wp-video-shortcode\" id=\"video-483-1\" width=\"1170\" height=\"658\" preload=\"metadata\" controls=\"controls\"><source type=\"video\/mp4\" src=\"https:\/\/www.nataliaegito.com.br\/wp-content\/uploads\/2023\/02\/luto.mp4?_=1\" \/><a href=\"https:\/\/www.nataliaegito.com.br\/wp-content\/uploads\/2023\/02\/luto.mp4\">https:\/\/www.nataliaegito.com.br\/wp-content\/uploads\/2023\/02\/luto.mp4<\/a><\/video><\/div>\n<h1>&nbsp;<\/h1>\n<div>\n<p>O luto \u00e9 uma rea\u00e7\u00e3o a uma perda significativa, seja ela simb\u00f3lica ou concreta. Quando perdemos algo ou algu\u00e9m, a nossa vida \u00e9 modificada de alguma forma, assim como a nossa vis\u00e3o sobre o mundo e sobre n\u00f3s mesmos.<\/p>\n<p>\u00c9 uma experi\u00eancia complexa que precisa ser vivenciada, por mais que em muitos contextos n\u00e3o haja espa\u00e7o para que ela aconte\u00e7a, ou que ela n\u00e3o seja reconhecida.<\/p>\n<p>No processo de luto precisamos desenvolver recursos e estrat\u00e9gias espec\u00edficas para lidar com a nova realidade.<\/p>\n<p>Uma ruptura daquilo que era conhecido: seja um relacionamento, um trabalho, uma mudan\u00e7a de pa\u00eds, a morte de um ente querido ou de um animalzinho, ou at\u00e9 a chegada de um beb\u00ea na fam\u00edlia, s\u00e3o situa\u00e7\u00f5es que podem exigir um per\u00edodo de reorganiza\u00e7\u00e3o e elabora\u00e7\u00e3o das perdas, e do que aquele v\u00ednculo representava para n\u00f3s.<\/p>\n<p>Enquanto terapeuta especializada em perdas e luto, ofere\u00e7o acolhimento e suporte aos indiv\u00edduos que est\u00e3o buscando se readaptar a essa nova realidade.&nbsp;<\/p>\n<p><\/p>\n<\/div>\t\t\t\t\t\t<\/div>\n\t\t\t\t<\/div>\n\t\t\t\t<div class=\"elementor-element elementor-element-21793f59 elementor-widget elementor-widget-text-editor\" data-id=\"21793f59\" data-element_type=\"widget\" data-widget_type=\"text-editor.default\">\n\t\t\t\t<div class=\"elementor-widget-container\">\n\t\t\t\t\t\t\t<!-- wp:image {\"id\":577,\"sizeSlug\":\"large\",\"linkDestination\":\"none\"} -->\n<figure class=\"wp-block-image size-large\"><img loading=\"lazy\" decoding=\"async\" width=\"1024\" height=\"683\" class=\"wp-image-577\" src=\"https:\/\/www.nataliaegito.com.br\/wp-content\/uploads\/2021\/12\/blossom-215565_1920-1024x683.jpg\" alt=\"\" srcset=\"https:\/\/www.nataliaegito.com.br\/wp-content\/uploads\/2021\/12\/blossom-215565_1920-1024x683.jpg 1024w, https:\/\/www.nataliaegito.com.br\/wp-content\/uploads\/2021\/12\/blossom-215565_1920-300x200.jpg 300w, https:\/\/www.nataliaegito.com.br\/wp-content\/uploads\/2021\/12\/blossom-215565_1920-768x512.jpg 768w, https:\/\/www.nataliaegito.com.br\/wp-content\/uploads\/2021\/12\/blossom-215565_1920-1536x1024.jpg 1536w, https:\/\/www.nataliaegito.com.br\/wp-content\/uploads\/2021\/12\/blossom-215565_1920-720x480.jpg 720w, https:\/\/www.nataliaegito.com.br\/wp-content\/uploads\/2021\/12\/blossom-215565_1920.jpg 1920w\" sizes=\"auto, (max-width: 1024px) 100vw, 1024px\" \/><\/figure>\n<!-- \/wp:image --><!-- wp:paragraph {\"fontSize\":\"large\"} -->\n<p class=\"has-large-font-size\"><strong>Os sonhos t\u00eam algum significado?<\/strong><\/p>\n<!-- \/wp:paragraph --><!-- wp:paragraph -->\n<p>Para algumas pessoas os sonhos n\u00e3o passam de narrativas aleat\u00f3rias e sem import\u00e2ncia, para outras, podem funcionar, inclusive, como or\u00e1culo.<br \/>\u2800\u2800\u2800\u2800\u2800\u2800\u2800\u2800<br \/>Para Freud, o sonho constitui a realiza\u00e7\u00e3o de desejos, e se articulam de forma complexa: com mem\u00f3rias da nossa vida e restos do nosso dia, sendo tamb\u00e9m uma via privilegiada de acesso ao nosso inconsciente.<br \/>\u2800\u2800\u2800\u2800\u2800\u2800\u2800\u2800<br \/>Na Gr\u00e9cia antiga, o deus da medicina e cura, Ascl\u00e9pio, via no mundo dos sonhos uma oportunidade para os mortais se conectarem com energias divinas superiores, capazes de realizar curas.<br \/>\u2800\u2800\u2800\u2800\u2800\u2800\u2800\u2800<br \/>Jos\u00e9 Trigueirinho Neto, considera nossa vida nos sonhos t\u00e3o importante quanto os per\u00edodos de vig\u00edlia.<br \/>\u2800\u2800\u2800\u2800\u2800\u2800\u2800\u2800<br \/>Carl Jung, criador da psicologia anal\u00edtica, defendia que os sonhos s\u00e3o a linguagem da alma, e podem nos apontar orienta\u00e7\u00f5es importantes a respeito de nossas vidas e\/ou do coletivo.<br \/>\u2800\u2800\u2800\u2800\u2800\u2800\u2800<br \/>A meu ver o sonho sempre trar\u00e1 informa\u00e7\u00f5es importantes, nos colocando em contato com n\u00edveis elevados do nosso ser, ou em outros n\u00edveis de realidade, ainda que n\u00e3o consigamos decifr\u00e1-los completamente.<br \/>\u2800\u2800\u2800\u2800\u2800\u2800\u2800\u2800<br \/>Ainda assim, s\u00f3 de entrarmos em contato com seus s\u00edmbolos e sua energia (no simples ato de recordar), j\u00e1 permitimos que eles nos transformem.<br \/>\u2800\u2800\u2800\u2800\u2800\u2800\u2800\u2800\u2800\u2800\u2800\u2800\u2800\u2800<br \/>Bons sonhos!<\/p>\n<!-- \/wp:paragraph -->\t\t\t\t\t\t<\/div>\n\t\t\t\t<\/div>\n\t\t\t\t\t<\/div>\n\t\t<\/div>\n\t\t\t\t\t\t\t<\/div>\n\t\t<\/section>\n\t\t\t\t\t\t<\/div>\n\t\t\t\t\t<\/div>\n\t\t","protected":false},"excerpt":{"rendered":"<p>Suporte ao luto &nbsp; O luto \u00e9 uma rea\u00e7\u00e3o a uma perda significativa, seja ela simb\u00f3lica ou concreta. Quando perdemos [&hellip;]<\/p>\n","protected":false},"author":1,"featured_media":0,"parent":0,"menu_order":0,"comment_status":"closed","ping_status":"closed","template":"","meta":{"footnotes":""},"class_list":["post-483","page","type-page","status-publish","hentry"],"_links":{"self":[{"href":"https:\/\/www.nataliaegito.com.br\/index.php\/wp-json\/wp\/v2\/pages\/483","targetHints":{"allow":["GET"]}}],"collection":[{"href":"https:\/\/www.nataliaegito.com.br\/index.php\/wp-json\/wp\/v2\/pages"}],"about":[{"href":"https:\/\/www.nataliaegito.com.br\/index.php\/wp-json\/wp\/v2\/types\/page"}],"author":[{"embeddable":true,"href":"https:\/\/www.nataliaegito.com.br\/index.php\/wp-json\/wp\/v2\/users\/1"}],"replies":[{"embeddable":true,"href":"https:\/\/www.nataliaegito.com.br\/index.php\/wp-json\/wp\/v2\/comments?post=483"}],"version-history":[{"count":23,"href":"https:\/\/www.nataliaegito.com.br\/index.php\/wp-json\/wp\/v2\/pages\/483\/revisions"}],"predecessor-version":[{"id":785,"href":"https:\/\/www.nataliaegito.com.br\/index.php\/wp-json\/wp\/v2\/pages\/483\/revisions\/785"}],"wp:attachment":[{"href":"https:\/\/www.nataliaegito.com.br\/index.php\/wp-json\/wp\/v2\/media?parent=483"}],"curies":[{"name":"wp","href":"https:\/\/api.w.org\/{rel}","templated":true}]}}